{"id":705,"date":"2016-04-20T14:44:37","date_gmt":"2016-04-20T12:44:37","guid":{"rendered":"https:\/\/www.caballodeviento.com\/?page_id=705"},"modified":"2024-04-25T19:23:22","modified_gmt":"2024-04-25T17:23:22","slug":"nosaltres","status":"publish","type":"page","link":"https:\/\/www.caballodeviento.com\/ca\/nosaltres\/","title":{"rendered":"NOSALTRES"},"content":{"rendered":"<div class=\"wpb-content-wrapper\"><p>[vc_row css_animation=&#8221;&#8221; row_type=&#8221;row&#8221; use_row_as_full_screen_section=&#8221;no&#8221; type=&#8221;grid&#8221; angled_section=&#8221;no&#8221; text_align=&#8221;left&#8221; background_image_as_pattern=&#8221;without_pattern&#8221; z_index=&#8221;&#8221;][vc_column][vc_single_image image=&#8221;388&#8243; img_size=&#8221;full&#8221; alignment=&#8221;center&#8221; qode_css_animation=&#8221;&#8221;][\/vc_column][\/vc_row][vc_row css_animation=&#8221;&#8221; row_type=&#8221;row&#8221; use_row_as_full_screen_section=&#8221;no&#8221; type=&#8221;grid&#8221; angled_section=&#8221;no&#8221; text_align=&#8221;left&#8221; background_image_as_pattern=&#8221;without_pattern&#8221; z_index=&#8221;&#8221; padding_top=&#8221;30&#8243;][vc_column][vc_column_text]<\/p>\n<p style=\"text-align: center;\"><small><a href=\"\/ca\/\">INICI<\/a> \/ NOSALTRES<\/small><\/p>\n<p>[\/vc_column_text][vc_separator type=&#8221;small&#8221; position=&#8221;center&#8221; color=&#8221;#000000&#8243; thickness=&#8221;1&#8243; up=&#8221;10&#8243;][\/vc_column][\/vc_row][vc_row css_animation=&#8221;&#8221; row_type=&#8221;row&#8221; use_row_as_full_screen_section=&#8221;no&#8221; type=&#8221;grid&#8221; angled_section=&#8221;no&#8221; text_align=&#8221;left&#8221; background_image_as_pattern=&#8221;without_pattern&#8221; z_index=&#8221;&#8221; padding_top=&#8221;50&#8243; padding_bottom=&#8221;75&#8243; anchor=&#8221;inicio&#8221;][vc_column width=&#8221;2\/3&#8243;][vc_column_text]<\/p>\n<h1 style=\"text-align: left;\">Benvingut a la natura: ets a Caballo de Viento<\/h1>\n<p>[\/vc_column_text][vc_separator type=&#8221;small&#8221; position=&#8221;left&#8221; thickness=&#8221;1&#8243; width=&#8221;200&#8243; up=&#8221;10&#8243; down=&#8221;20&#8243;][vc_column_text]<\/p>\n<h2 style=\"text-align: left; font-size: 24px; color: #000000; font-weight: 600; line-height: 1.25;\">LLOGUER D&#8217;ESPAIS ENTRE LA VALL DE BENASQUE, LA VALL DE BO\u00cd I LA VAL D&#8217;ARAN, PER A ACTIVITATS DE SALUT I BENESTAR, RETIRS D&#8217;EMPRESA, ESDEVENIMENTS DE FORMACI\u00d3&#8230;<\/h2>\n<p>[\/vc_column_text][vc_empty_space height=&#8221;50&#8243;][vc_column_text]La nostra missi\u00f3 \u00e9s <strong>contribuir a generar salut i benestar<\/strong>. I ho volem fer a la natura.<\/p>\n<p>&nbsp;<\/p>\n<p>En ple <strong>Pirineu<\/strong>, en una zona privilegiada entre la <strong>Vall de Benasque<\/strong>, la <strong>Vall de Bo\u00ed<\/strong> i de la <strong>Val d&#8217;Aran. Al costat del <strong>Parc Natural Posets-Maladeta<\/strong> i el <strong>Parc Nacional d&#8217;Aig\u00fcestortes i Estany de Sant Maurici<\/strong>\u2026 Un lloc perfecte per a les activitats de muntanya, esqu\u00ed, running, trekking, BTT \u2026i \u00e9s clar, per a LA SALUT i EL BENESTAR.<\/strong>[\/vc_column_text][vc_empty_space height=&#8221;25&#8243;][\/vc_column][vc_column width=&#8221;1\/3&#8243;][vc_single_image image=&#8221;411&#8243; img_size=&#8221;full&#8221; alignment=&#8221;right&#8221; qode_css_animation=&#8221;&#8221;][\/vc_column][\/vc_row][vc_row css_animation=&#8221;&#8221; row_type=&#8221;row&#8221; use_row_as_full_screen_section=&#8221;no&#8221; type=&#8221;full_width&#8221; angled_section=&#8221;no&#8221; text_align=&#8221;left&#8221; background_image_as_pattern=&#8221;without_pattern&#8221;][vc_column][vc_separator type=&#8221;normal&#8221; thickness=&#8221;1&#8243; color=&#8221;#000000&#8243;][\/vc_column][\/vc_row][vc_row css_animation=&#8221;&#8221; row_type=&#8221;row&#8221; use_row_as_full_screen_section=&#8221;no&#8221; type=&#8221;grid&#8221; angled_section=&#8221;no&#8221; text_align=&#8221;left&#8221; background_image_as_pattern=&#8221;without_pattern&#8221; z_index=&#8221;&#8221; padding_top=&#8221;75&#8243; padding_bottom=&#8221;75&#8243;][vc_column width=&#8221;1\/2&#8243; css=&#8221;.vc_custom_1713458582689{padding-top: 50px !important;padding-right: 40px !important;padding-bottom: 25px !important;padding-left: 40px !important;background-color: #f4f4f4 !important;}&#8221;][qode_elements_holder number_of_columns=&#8221;one_column&#8221;][qode_elements_holder_item advanced_animations=&#8221;no&#8221; item_padding=&#8221;0px 25px 0px 25px&#8221;]<span data-type=\"normal\"  class=\"qode_icon_shortcode  q_font_awsome_icon fa-lg pull-left \" style=\" \"><i class=\"qode_icon_font_awesome fa fa-puzzle-piece qode_icon_element\" style=\"font-size: 50px;color: #85682e;\" ><\/i><\/span>[vc_empty_space height=&#8221;75&#8243;][vc_column_text]<\/p>\n<h2 style=\"text-align: left;\">LA FILOSOFIA DE<br \/>\nCABALLO DE VIENTO<\/h2>\n<p>[\/vc_column_text][vc_empty_space height=&#8221;15&#8243;][vc_column_text]<\/p>\n<p style=\"text-align: left;\"><strong>CABALLO DE VIENTO ES VA TRANSFORMANT LENTAMENT. AJUDA&#8217;NS QUE AMB EL TEMPS TAMB\u00c9 FORMI PART DE TU.<\/strong><\/p>\n<p>[\/vc_column_text][vc_separator type=&#8221;small&#8221; position=&#8221;left&#8221; thickness=&#8221;1&#8243; width=&#8221;200&#8243; up=&#8221;10&#8243; down=&#8221;50&#8243;][vc_column_text]Creiem que la comprensi\u00f3 est\u00e0 condicionada per l&#8217;h\u00e0bit d&#8217;excloure i de rebutjar tot all\u00f2 que ens resulta nou o diferent.<\/p>\n<p>&nbsp;<\/p>\n<p>Quan deixem anar aquestes creences que sempre busquen assegurar la jugada, en <strong>obrir la ment<\/strong>, es pot trobar un nou univers de <strong>vitalitat i fortalesa<\/strong>. Una <strong>ment equilibrada i positiva contribueix al benestar<\/strong>.<\/p>\n<p>&nbsp;<\/p>\n<p>Sabem que tot cos f\u00edsic es pot deformar per les forces internes o externes de qu\u00e8 \u00e9s v\u00edctima. L&#8217;art de compensar, somatitzar i contreure&#8217;s pot fer del nostre cos una realitat de dolor i malaltia. <strong>La flexibilitat contribueix al benestar<\/strong>.<\/p>\n<p>&nbsp;<\/p>\n<p>Entenem que les emocions mal gestionades condicionen la vida, gaireb\u00e9 sempre de manera oculta i automatitzada. <strong>Ser conscients de les nostres emocions m\u00e9s profundes presents o passades i accedir a formes d&#8217;alliberament genera benestar i equilibri<\/strong>.<\/p>\n<p>&nbsp;<\/p>\n<p>\u00c9s evident que tots els \u00e9ssers vius som un meravell\u00f3s enginy energ\u00e8tic. <strong>Entendre que l&#8217;energia circula per tots els nostres \u00f2rgans i teixits ens pot ajudar a resoldre multitud de problemes de salut<\/strong>. Si la nostra energia circula fluida i equilibradament contribuir\u00e0 al nostre benestar.[\/vc_column_text][vc_empty_space height=&#8221;50&#8243;][\/qode_elements_holder_item][\/qode_elements_holder][\/vc_column][vc_column width=&#8221;1\/2&#8243;][vc_empty_space height=&#8221;50&#8243;][qode_elements_holder number_of_columns=&#8221;one_column&#8221;][qode_elements_holder_item advanced_animations=&#8221;no&#8221; item_padding=&#8221;0px 25px 0px 25px&#8221;]<span data-type=\"normal\"  class=\"qode_icon_shortcode  q_font_awsome_icon fa-lg pull-left \" style=\" \"><i class=\"qode_icon_font_awesome fa fa-home qode_icon_element\" style=\"font-size: 50px;color: #85682e;\" ><\/i><\/span>[vc_empty_space height=&#8221;75&#8243;][vc_column_text]<\/p>\n<h2 style=\"text-align: left;\">ELS ESPAIS DE LLOGUER<br \/>\nDE CABALLO DE VIENTO<\/h2>\n<p>[\/vc_column_text][vc_empty_space height=&#8221;15&#8243;][vc_column_text]<\/p>\n<p style=\"text-align: left;\"><strong>OFERIM COM SERVEIS EL LLOGUER DE 2 DELS NOSTRES ESPAIS PER A CURSOS, TALLERS, RETIRS&#8230;<\/strong><\/p>\n<p>[\/vc_column_text][vc_separator type=&#8221;small&#8221; position=&#8221;left&#8221; thickness=&#8221;1&#8243; width=&#8221;200&#8243; up=&#8221;10&#8243; down=&#8221;50&#8243;][vc_single_image image=&#8221;399&#8243; img_size=&#8221;full&#8221; qode_css_animation=&#8221;&#8221;][vc_empty_space height=&#8221;15&#8243;][vc_column_text]<\/p>\n<h3>LA CABANYA DE FUSTA<\/h3>\n<p>[\/vc_column_text][vc_column_text]Cabanya de 40 metres quadrats ubicada al jard\u00ed.[\/vc_column_text][vc_empty_space height=&#8221;15&#8243;]<a  itemprop=\"url\" href=\"\/ca\/serveis\/\" target=\"_self\"  class=\"qbutton  default\" style=\"\">M\u00c9S INFORMACI\u00d3<\/a>[vc_empty_space height=&#8221;75&#8243;][vc_single_image image=&#8221;420&#8243; img_size=&#8221;full&#8221; qode_css_animation=&#8221;&#8221;][vc_empty_space height=&#8221;15&#8243;][vc_column_text]<\/p>\n<h3>EL JARD\u00cd DELS 7 CHAKRES<\/h3>\n<p>[\/vc_column_text][vc_column_text]Jard\u00ed de 7000 metres quadrats.[\/vc_column_text][vc_empty_space height=&#8221;15&#8243;]<a  itemprop=\"url\" href=\"\/ca\/serveis\/\" target=\"_self\"  class=\"qbutton  default\" style=\"\">M\u00c9S INFORMACI\u00d3<\/a>[\/qode_elements_holder_item][\/qode_elements_holder][\/vc_column][\/vc_row][vc_row css_animation=&#8221;&#8221; row_type=&#8221;row&#8221; use_row_as_full_screen_section=&#8221;no&#8221; type=&#8221;full_width&#8221; angled_section=&#8221;no&#8221; text_align=&#8221;left&#8221; background_image_as_pattern=&#8221;without_pattern&#8221;][vc_column][vc_gallery type=&#8221;image_grid&#8221; images=&#8221;488,490,492,494,496,498&#8243; img_size=&#8221;full&#8221; onclick=&#8221;&#8221; column_number=&#8221;6&#8243; grayscale=&#8221;no&#8221; images_space=&#8221;gallery_without_space&#8221;][\/vc_column][\/vc_row][vc_row css_animation=&#8221;&#8221; row_type=&#8221;row&#8221; use_row_as_full_screen_section=&#8221;no&#8221; type=&#8221;full_width&#8221; angled_section=&#8221;no&#8221; text_align=&#8221;left&#8221; background_image_as_pattern=&#8221;without_pattern&#8221; z_index=&#8221;&#8221; padding_bottom=&#8221;50&#8243; padding_top=&#8221;35&#8243;][vc_column width=&#8221;1\/4&#8243;][\/vc_column][vc_column width=&#8221;1\/2&#8243; css=&#8221;.vc_custom_1714033791879{padding-right: 50px !important;padding-left: 50px !important;}&#8221;][vc_single_image image=&#8221;436&#8243; img_size=&#8221;full&#8221; alignment=&#8221;center&#8221; qode_css_animation=&#8221;&#8221;][vc_empty_space height=&#8221;15&#8243;][vc_column_text]<\/p>\n<p style=\"text-align: center;\"><span style=\"color: #85682e;\"><em><strong>Cavall de Vent es va transformant lentament. Com ho faria qualsevol de nosaltres, madura, creix i igual que tot \u00e9sser viu canvia. Fa 14 anys que estem creant un espai de trobada a un entorn natural especial. Un lloc on fer activitats per al benestar i la salut. Ajuda&#8217;ns que amb el temps tamb\u00e9 formi part de tu.<\/strong><\/em><\/span><\/p>\n<p>[\/vc_column_text][\/vc_column][vc_column width=&#8221;1\/4&#8243;][\/vc_column][\/vc_row]<\/p>\n<\/div>","protected":false},"excerpt":{"rendered":"<p>[vc_row css_animation=&#8221;&#8221; row_type=&#8221;row&#8221; use_row_as_full_screen_section=&#8221;no&#8221; type=&#8221;grid&#8221; angled_section=&#8221;no&#8221; text_align=&#8221;left&#8221; background_image_as_pattern=&#8221;without_pattern&#8221; z_index=&#8221;&#8221;][vc_column][vc_single_image image=&#8221;388&#8243; img_size=&#8221;full&#8221; alignment=&#8221;center&#8221; qode_css_animation=&#8221;&#8221;][\/vc_column][\/vc_row][vc_row css_animation=&#8221;&#8221; row_type=&#8221;row&#8221; use_row_as_full_screen_section=&#8221;no&#8221; type=&#8221;grid&#8221; angled_section=&#8221;no&#8221; text_align=&#8221;left&#8221; background_image_as_pattern=&#8221;without_pattern&#8221; z_index=&#8221;&#8221; padding_top=&#8221;30&#8243;][vc_column][vc_column_text] INICI \/ NOSALTRES [\/vc_column_text][vc_separator type=&#8221;small&#8221; position=&#8221;center&#8221; color=&#8221;#000000&#8243; thickness=&#8221;1&#8243; up=&#8221;10&#8243;][\/vc_column][\/vc_row][vc_row css_animation=&#8221;&#8221; row_type=&#8221;row&#8221; use_row_as_full_screen_section=&#8221;no&#8221; type=&#8221;grid&#8221; angled_section=&#8221;no&#8221; text_align=&#8221;left&#8221; background_image_as_pattern=&#8221;without_pattern&#8221; z_index=&#8221;&#8221; padding_top=&#8221;50&#8243; padding_bottom=&#8221;75&#8243; anchor=&#8221;inicio&#8221;][vc_column width=&#8221;2\/3&#8243;][vc_column_text] Benvingut a la natura: ets a Caballo de Viento [\/vc_column_text][vc_separator type=&#8221;small&#8221; position=&#8221;left&#8221; thickness=&#8221;1&#8243; width=&#8221;200&#8243; up=&#8221;10&#8243; down=&#8221;20&#8243;][vc_column_text] LLOGUER D&#8217;ESPAIS ENTRE LA VALL DE BENASQUE, LA VALL DE BO\u00cd I LA VAL D&#8217;ARAN, PER A ACTIVITATS DE SALUT I BENESTAR, RETIRS D&#8217;EMPRESA, ESDEVENIMENTS DE FORMACI\u00d3&#8230; [\/vc_column_text][vc_empty_space height=&#8221;50&#8243;][vc_column_text]La&hellip; <a class=\"continue\" href=\"https:\/\/www.caballodeviento.com\/ca\/nosaltres\/\">CONTINUAR >><span> NOSALTRES<\/span><\/a><\/p>\n","protected":false},"author":1,"featured_media":0,"parent":0,"menu_order":0,"comment_status":"closed","ping_status":"closed","template":"full_width.php","meta":{"footnotes":""},"class_list":["post-705","page","type-page","status-publish","hentry"],"_links":{"self":[{"href":"https:\/\/www.caballodeviento.com\/ca\/wp-json\/wp\/v2\/pages\/705","targetHints":{"allow":["GET"]}}],"collection":[{"href":"https:\/\/www.caballodeviento.com\/ca\/wp-json\/wp\/v2\/pages"}],"about":[{"href":"https:\/\/www.caballodeviento.com\/ca\/wp-json\/wp\/v2\/types\/page"}],"author":[{"embeddable":true,"href":"https:\/\/www.caballodeviento.com\/ca\/wp-json\/wp\/v2\/users\/1"}],"replies":[{"embeddable":true,"href":"https:\/\/www.caballodeviento.com\/ca\/wp-json\/wp\/v2\/comments?post=705"}],"version-history":[{"count":2,"href":"https:\/\/www.caballodeviento.com\/ca\/wp-json\/wp\/v2\/pages\/705\/revisions"}],"predecessor-version":[{"id":753,"href":"https:\/\/www.caballodeviento.com\/ca\/wp-json\/wp\/v2\/pages\/705\/revisions\/753"}],"wp:attachment":[{"href":"https:\/\/www.caballodeviento.com\/ca\/wp-json\/wp\/v2\/media?parent=705"}],"curies":[{"name":"wp","href":"https:\/\/api.w.org\/{rel}","templated":true}]}}