{"id":741,"date":"2024-04-16T16:50:55","date_gmt":"2024-04-16T14:50:55","guid":{"rendered":"https:\/\/www.caballodeviento.com\/?page_id=741"},"modified":"2024-04-25T18:59:10","modified_gmt":"2024-04-25T16:59:10","slug":"politica-de-cookies","status":"publish","type":"page","link":"https:\/\/www.caballodeviento.com\/ca\/inici\/politica-de-cookies\/","title":{"rendered":"POL\u00cdTICA DE COOKIES"},"content":{"rendered":"<div class=\"wpb-content-wrapper\"><p>[vc_row css_animation=&#8221;&#8221; row_type=&#8221;row&#8221; use_row_as_full_screen_section=&#8221;no&#8221; type=&#8221;grid&#8221; angled_section=&#8221;no&#8221; text_align=&#8221;left&#8221; background_image_as_pattern=&#8221;without_pattern&#8221; z_index=&#8221;&#8221; padding_top=&#8221;30&#8243;][vc_column][vc_column_text]<\/p>\n<p style=\"text-align: center;\"><small><a href=\"\/ca\/\">INICI<\/a> \/ POL\u00cdTICA DE COOKIES<\/small><\/p>\n<p>[\/vc_column_text][vc_separator type=&#8221;small&#8221; position=&#8221;center&#8221; color=&#8221;#000000&#8243; thickness=&#8221;1&#8243; down=&#8221;30&#8243;][\/vc_column][\/vc_row][vc_row css_animation=&#8221;&#8221; row_type=&#8221;row&#8221; use_row_as_full_screen_section=&#8221;no&#8221; type=&#8221;grid&#8221; angled_section=&#8221;no&#8221; text_align=&#8221;left&#8221; background_image_as_pattern=&#8221;without_pattern&#8221; z_index=&#8221;&#8221; padding_top=&#8221;75&#8243; padding_bottom=&#8221;75&#8243; anchor=&#8221;inicio&#8221;][vc_column][vc_column_text]<\/p>\n<h1 style=\"text-align: center;\">Pol\u00edtica de Cookies<\/h1>\n<p>[\/vc_column_text][vc_empty_space height=&#8221;75&#8243;][vc_column_text]Una Cookie \u00e9s un fitxer que es descarrega al vostre ordinador en accedir a determinades p\u00e0gines web. Les galetes permeten a una p\u00e0gina web, entre altres coses, emmagatzemar i recuperar informaci\u00f3 sobre els h\u00e0bits de navegaci\u00f3 d&#8217;un usuari o del seu equip i, depenent de la informaci\u00f3 que contingui i de la manera com utilitzi el seu equip, es poden utilitzar per a recon\u00e8ixer l&#8217;usuari.<\/p>\n<p>&nbsp;<\/p>\n<p>Les galetes s\u00f3n essencials per al funcionament d&#8217;internet, aportant innombrables avantatges en la prestaci\u00f3 de serveis interactius, facilitant la navegaci\u00f3 i usabilitat de la nostra web.<\/p>\n<p>&nbsp;<\/p>\n<p>La informaci\u00f3 que us proporcionem a continuaci\u00f3, us ajudar\u00e0 a comprendre els diferents tipus de cookies:<\/p>\n<p>[vc_empty_space height=&#8221;50px&#8221;]<\/p>\n<h2>TIPUS DE COOKIES<\/h2>\n<p>[vc_separator type=&#8221;small&#8221; position=&#8221;left&#8221; up=&#8221;15&#8243; down=&#8221;40&#8243; color=&#8221;#000000&#8243; transparency=&#8221;1&#8243; thickness=&#8221;2&#8243; width=&#8221;100&#8243;]<\/p>\n<h3>SEGONS L&#8217;ENTITAT QUE LES GESTIONEU:<\/h3>\n<ul>\n<li style=\"list-style-type: none;\">\n<ul>\n<li style=\"list-style-type: none;\">\n<ul>\n<li>Galetes pr\u00f2pies: s\u00f3n aquelles que perceben el mateix editor per prestar el servei sol\u00b7licitat per l&#8217;usuari.<br \/>\nGaletes de tercer: s\u00f3n aquelles que s\u00f3n recollides i gestionades per un tercer, aquestes no es poden considerar pr\u00f2pies.<\/li>\n<\/ul>\n<\/li>\n<\/ul>\n<\/li>\n<\/ul>\n<p>&nbsp;<\/p>\n<h3>SEGONS EL TERMINI DE TEMPS QUE ROMANEN ACTIVADES:<\/h3>\n<ul>\n<li style=\"list-style-type: none;\">\n<ul>\n<li style=\"list-style-type: none;\">\n<ul>\n<li>Galetes de sessi\u00f3: recullen dades mentre l&#8217;usuari navega per la xarxa per tal de prestar el servei sol\u00b7licitat.<br \/>\nGaletes persistents: s&#8217;emmagatzemen al terminal i la informaci\u00f3 obtinguda, ser\u00e0 utilitzada pel responsable de la galeta per tal de prestar el servei sol\u00b7licitat.<\/li>\n<\/ul>\n<\/li>\n<\/ul>\n<\/li>\n<\/ul>\n<p>&nbsp;<\/p>\n<h3>SEGONS EL FINAL:<\/h3>\n<ul>\n<li style=\"list-style-type: none;\">\n<ul>\n<li style=\"list-style-type: none;\">\n<ul>\n<li>Galetes t\u00e8cniques: s\u00f3n les necess\u00e0ries per a la correcta navegaci\u00f3 per la web.<\/li>\n<li>Galetes de personalitzaci\u00f3: permeten a l&#8217;usuari les caracter\u00edstiques (idioma) per a la navegaci\u00f3 per la web.<\/li>\n<li>Galetes d&#8217;an\u00e0lisi: permeten al prestador l&#8217;an\u00e0lisi vinculada a la navegaci\u00f3 realitzada per l&#8217;usuari, per tal de fer un seguiment d&#8217;\u00fas de la p\u00e0gina web, aix\u00ed com fer estad\u00edstiques dels continguts m\u00e9s visitats, nombre de visitants, etc.<\/li>\n<li>Galetes publicit\u00e0ries: permeten a l&#8217;editor incloure a la web, espais publicitaris, segons el contingut de la mateixa web.<\/li>\n<li>Galetes de publicitat comportamental: permeten a l&#8217;editor incloure a la p\u00e0gina web espais publicitaris segons la informaci\u00f3 obtinguda a trav\u00e9s dels h\u00e0bits de navegaci\u00f3 de l&#8217;usuari.<\/li>\n<\/ul>\n<\/li>\n<\/ul>\n<\/li>\n<\/ul>\n<p>&nbsp;<\/p>\n<p>Segons el que disposa l&#8217;article 22.2 de la Llei 34\/2002, d&#8217;11 de juliol, de Serveis de la Societat de la Informaci\u00f3 i de Comer\u00e7 Electr\u00f2nic (LSSI-CE), CABALLO DE VIENTO &#8211; MAR\u00cdA GUASCH SORS informa de les cookies utilitzades a la nostra web (galetes pr\u00f2pies i de tercers) amb les finalitats descrites a continuaci\u00f3:<\/p>\n<p>&nbsp;<\/p>\n\n<table id=\"tablepress-2\" class=\"tablepress tablepress-id-2\">\n<thead>\n<tr class=\"row-1\">\n\t<th class=\"column-1\">NOMBRE<\/th><th class=\"column-2\">TIPO<\/th><th class=\"column-3\">ORIGEN<\/th><th class=\"column-4\">DURACI\u00d3N<\/th><th class=\"column-5\">FUNCI\u00d3N<\/th>\n<\/tr>\n<\/thead>\n<tbody class=\"row-striping row-hover\">\n<tr class=\"row-2\">\n\t<td class=\"column-1\">wpEmojiSettingsSupports<\/td><td class=\"column-2\">Funcional<\/td><td class=\"column-3\">WordPress<\/td><td class=\"column-4\">Sessi\u00f3<\/td><td class=\"column-5\">Desar detalls del navegador<\/td>\n<\/tr>\n<tr class=\"row-3\">\n\t<td class=\"column-1\">wp-wpml_current_language<\/td><td class=\"column-2\">Funcional<\/td><td class=\"column-3\">WPML<\/td><td class=\"column-4\">1 dia<\/td><td class=\"column-5\">Desar configuracions de llenguatge<\/td>\n<\/tr>\n<tr class=\"row-4\">\n\t<td class=\"column-1\">_gid<\/td><td class=\"column-2\">Estad\u00edstiques<\/td><td class=\"column-3\">Google Analytics<\/td><td class=\"column-4\">1 dia<\/td><td class=\"column-5\">Comptar i rastrejar p\u00e0gines vistes<\/td>\n<\/tr>\n<tr class=\"row-5\">\n\t<td class=\"column-1\">_ga_*<\/td><td class=\"column-2\">Estad\u00edstiques<\/td><td class=\"column-3\">Google Analytics<\/td><td class=\"column-4\">1 any<\/td><td class=\"column-5\">Comptar i rastrejar p\u00e0gines vistes<\/td>\n<\/tr>\n<tr class=\"row-6\">\n\t<td class=\"column-1\">_ga<\/td><td class=\"column-2\">Estad\u00edstiques<\/td><td class=\"column-3\">Google Analytics<\/td><td class=\"column-4\">2 anys<\/td><td class=\"column-5\">Comptar i rastrejar p\u00e0gines vistes<\/td>\n<\/tr>\n<tr class=\"row-7\">\n\t<td class=\"column-1\">_ga_*<\/td><td class=\"column-2\">Estad\u00edstiques<\/td><td class=\"column-3\">Google Analytics<\/td><td class=\"column-4\">1 any<\/td><td class=\"column-5\">Comptar i rastrejar p\u00e0gines vistes<\/td>\n<\/tr>\n<tr class=\"row-8\">\n\t<td class=\"column-1\">Google Fonts API<\/td><td class=\"column-2\">M\u00e0rqueting<\/td><td class=\"column-3\">Google Fonts<\/td><td class=\"column-4\">No<\/td><td class=\"column-5\">Sol\u00b7licitar l'adre\u00e7a IP de l'usuari<\/td>\n<\/tr>\n<tr class=\"row-9\">\n\t<td class=\"column-1\">rc::c<\/td><td class=\"column-2\">M\u00e0rqueting<\/td><td class=\"column-3\">Google reCAPTCHA<\/td><td class=\"column-4\">Sessi\u00f3<\/td><td class=\"column-5\">Filtrar sol\u00b7licituds de bots<\/td>\n<\/tr>\n<tr class=\"row-10\">\n\t<td class=\"column-1\">rc::b<\/td><td class=\"column-2\">M\u00e0rqueting<\/td><td class=\"column-3\">Google reCAPTCHA<\/td><td class=\"column-4\">Sessi\u00f3<\/td><td class=\"column-5\">Filtrar sol\u00b7licituds de bots<\/td>\n<\/tr>\n<tr class=\"row-11\">\n\t<td class=\"column-1\">rc::a<\/td><td class=\"column-2\">M\u00e0rqueting<\/td><td class=\"column-3\">Google reCAPTCHA<\/td><td class=\"column-4\">Persistent<\/td><td class=\"column-5\">Filtrar sol\u00b7licituds de bots<\/td>\n<\/tr>\n<tr class=\"row-12\">\n\t<td class=\"column-1\">Google Maps API<\/td><td class=\"column-2\">M\u00e0rqueting<\/td><td class=\"column-3\">Google Maps<\/td><td class=\"column-4\">No<\/td><td class=\"column-5\">Sol\u00b7licitar l'adre\u00e7a IP de l'usuari<\/td>\n<\/tr>\n<\/tbody>\n<\/table>\n<!-- #tablepress-2 from cache -->\n<p>&nbsp;<\/p>\n<p>CABALLO DE VIENTO &#8211; MARIA GUASCH SORS informa que aquest web utilitza Google Analytics: emmagatzema cookies per poder elaborar estad\u00edstiques sobre el tr\u00e0nsit i volum de visites d&#8217;aquest web. En utilitzar aquest lloc web est\u00e0 consentint el tractament d&#8217;informaci\u00f3 sobre vost\u00e8 per Google. Per tant, l&#8217;exercici de qualsevol dret en aquest sentit haur\u00e0 de fer comunicant directament amb Google.<\/p>\n<p>&nbsp;<\/p>\n<p>Les galetes de Google Analytics s&#8217;emmagatzemen als servidors als Estats Units i es compromet a no compartir-la amb tercers, excepte en els casos en qu\u00e8 sigui necessari per al funcionament del sistema o quan la llei obligui a aquest efecte. Segons Google no desa la vostra adre\u00e7a IP.<\/p>\n<p>&nbsp;<\/p>\n<p>Google Inc. \u00e9s una companyia adherida a \u201cPrivacy Shiels\u201d (escut de privadesa) que garanteix que totes les dades transferides seran tractades amb un nivell de protecci\u00f3 d&#8217;acord amb la normativa europea. Podeu consultar informaci\u00f3 detallada sobre aix\u00f2 a trav\u00e9s del seg\u00fcent enlla\u00e7: <a href=\"https:\/\/support.google.com\/analytics\/answer\/6004245\" target=\"_blank\" rel=\"noopener\">https:\/\/support.google.com\/analytics\/answer\/6004245<\/a>.<\/p>\n<p>&nbsp;<\/p>\n<p>Si ho desitgeu podeu utilitzar el Complement d&#8217;inhabilitaci\u00f3 per a navegadors de Google Analytics a trav\u00e9s de les instruccions poden rebutjar-se les galetes anal\u00edtiques d&#8217;aquest servei a tots els navegadors. Podeu consultar m\u00e9s informaci\u00f3 al respecte al seg\u00fcent enlla\u00e7: <a href=\"https:\/\/tools.google.com\/dlpage\/gaoptout\" target=\"_blank\" rel=\"noopener\">https:\/\/tools.google.com\/dlpage\/gaoptout<\/a>.<\/p>\n<p>&nbsp;<\/p>\n<p>Aix\u00ed mateix, CABALLO DE VIENTO &#8211; MAR\u00cdA GUASCH SORS informa l&#8217;usuari que t\u00e9 la possibilitat de configurar el seu navegador de manera que se l&#8217;informi de la recepci\u00f3 de cookies, podent, si aix\u00ed ho desitja, impedir que siguin instal\u00b7lades al disc dur.<\/p>\n<p>&nbsp;<\/p>\n<p>A continuaci\u00f3 us proporcionem els enlla\u00e7os de diversos navegadors, a trav\u00e9s dels quals podreu realitzar aquesta configuraci\u00f3:<\/p>\n<ul>\n<li style=\"list-style-type: none;\">\n<ul>\n<li style=\"list-style-type: none;\">\n<ul>\n<li><a href=\"http:\/\/support.mozilla.org\/es\/kb\/habilitar-y-deshabilitar-cookies-que-los-sitios-we\" target=\"_blank\" rel=\"noopener\">Firefox<\/a><\/li>\n<li><a href=\"http:\/\/support.google.com\/chrome\/bin\/answer.py?hl=es&amp;answer=95647\" target=\"_blank\" rel=\"noopener\">Chrome<\/a><\/li>\n<li><a href=\"http:\/\/windows.microsoft.com\/es-es\/internet-explorer\/delete-manage-cookies#ie=ie-10\" target=\"_blank\" rel=\"noopener\">Explorer<\/a><\/li>\n<li><a href=\"https:\/\/support.apple.com\/kb\/ph17191?locale=es_ES\" target=\"_blank\" rel=\"noopener\">Safari<\/a><\/li>\n<li><a href=\"http:\/\/help.opera.com\/Windows\/11.50\/es-ES\/cookies.html\" target=\"_blank\" rel=\"noopener\">Opera<\/a><\/li>\n<\/ul>\n<\/li>\n<\/ul>\n<\/li>\n<\/ul>\n<p>[\/vc_column_text][\/vc_column][\/vc_row]<\/p>\n<\/div>","protected":false},"excerpt":{"rendered":"<p>[vc_row css_animation=&#8221;&#8221; row_type=&#8221;row&#8221; use_row_as_full_screen_section=&#8221;no&#8221; type=&#8221;grid&#8221; angled_section=&#8221;no&#8221; text_align=&#8221;left&#8221; background_image_as_pattern=&#8221;without_pattern&#8221; z_index=&#8221;&#8221; padding_top=&#8221;30&#8243;][vc_column][vc_column_text] INICI \/ POL\u00cdTICA DE COOKIES [\/vc_column_text][vc_separator type=&#8221;small&#8221; position=&#8221;center&#8221; color=&#8221;#000000&#8243; thickness=&#8221;1&#8243; down=&#8221;30&#8243;][\/vc_column][\/vc_row][vc_row css_animation=&#8221;&#8221; row_type=&#8221;row&#8221; use_row_as_full_screen_section=&#8221;no&#8221; type=&#8221;grid&#8221; angled_section=&#8221;no&#8221; text_align=&#8221;left&#8221; background_image_as_pattern=&#8221;without_pattern&#8221; z_index=&#8221;&#8221; padding_top=&#8221;75&#8243; padding_bottom=&#8221;75&#8243; anchor=&#8221;inicio&#8221;][vc_column][vc_column_text] Pol\u00edtica de Cookies [\/vc_column_text][vc_empty_space height=&#8221;75&#8243;][vc_column_text]Una Cookie \u00e9s un fitxer que es descarrega al vostre ordinador en accedir a determinades p\u00e0gines web. Les galetes permeten a una p\u00e0gina web, entre altres coses, emmagatzemar i recuperar informaci\u00f3 sobre els h\u00e0bits de navegaci\u00f3 d&#8217;un usuari o del seu equip i, depenent de la informaci\u00f3 que contingui i de la&hellip; <a class=\"continue\" href=\"https:\/\/www.caballodeviento.com\/ca\/inici\/politica-de-cookies\/\">CONTINUAR >><span> POL\u00cdTICA DE COOKIES<\/span><\/a><\/p>\n","protected":false},"author":1,"featured_media":0,"parent":696,"menu_order":0,"comment_status":"closed","ping_status":"closed","template":"full_width.php","meta":{"footnotes":""},"class_list":["post-741","page","type-page","status-publish","hentry"],"_links":{"self":[{"href":"https:\/\/www.caballodeviento.com\/ca\/wp-json\/wp\/v2\/pages\/741","targetHints":{"allow":["GET"]}}],"collection":[{"href":"https:\/\/www.caballodeviento.com\/ca\/wp-json\/wp\/v2\/pages"}],"about":[{"href":"https:\/\/www.caballodeviento.com\/ca\/wp-json\/wp\/v2\/types\/page"}],"author":[{"embeddable":true,"href":"https:\/\/www.caballodeviento.com\/ca\/wp-json\/wp\/v2\/users\/1"}],"replies":[{"embeddable":true,"href":"https:\/\/www.caballodeviento.com\/ca\/wp-json\/wp\/v2\/comments?post=741"}],"version-history":[{"count":1,"href":"https:\/\/www.caballodeviento.com\/ca\/wp-json\/wp\/v2\/pages\/741\/revisions"}],"predecessor-version":[{"id":742,"href":"https:\/\/www.caballodeviento.com\/ca\/wp-json\/wp\/v2\/pages\/741\/revisions\/742"}],"up":[{"embeddable":true,"href":"https:\/\/www.caballodeviento.com\/ca\/wp-json\/wp\/v2\/pages\/696"}],"wp:attachment":[{"href":"https:\/\/www.caballodeviento.com\/ca\/wp-json\/wp\/v2\/media?parent=741"}],"curies":[{"name":"wp","href":"https:\/\/api.w.org\/{rel}","templated":true}]}}